{"id":39614,"date":"2018-02-01T13:48:46","date_gmt":"2018-02-01T13:48:46","guid":{"rendered":"http:\/\/www.cosmoty.de\/test\/?page_id=39614"},"modified":"2018-02-01T14:30:20","modified_gmt":"2018-02-01T14:30:20","slug":"piraten-indianer-cheerleader-das-sind-die-beliebtesten-karnevalskostueme","status":"publish","type":"page","link":"https:\/\/www.cosmoty.de\/test\/piraten-indianer-cheerleader-das-sind-die-beliebtesten-karnevalskostueme\/","title":{"rendered":"Piraten, Indianer, Cheerleader \u2013 Das sind die beliebtesten Karnevalskost\u00fcme!"},"content":{"rendered":"<p><span style=\"font-weight: 400;\">Ob Karneval, Fasching oder Fastnacht: Begeisterte Jecken im ganzen Land sind schon im Verkleidungsfieber und suchen das passende Kost\u00fcm. <\/span><b>Doch welche Verkleidung ist eigentlich am beliebtesten?<\/b><span style=\"font-weight: 400;\"> Hierf\u00fcr haben die SEO-Experten des Online-Portals <\/span><a href=\"http:\/\/www.cosmoty.de\/\"><span style=\"font-weight: 400;\">cosmoty.de<\/span><\/a><span style=\"font-weight: 400;\"> analysiert, welche Kost\u00fcme bei Google am meisten gesucht werden. Hier die wichtigsten Ergebnisse:<\/span><\/p>\n<ul>\n<li><strong>Den ersten Platz teilen sich zwei Kost\u00fcm-Klassiker! Die Verkleidung als Indianer und Piraten sind mit je 60.500 Suchanfragen in den Monaten Januar und Februar bei Weitem am beliebtesten.<\/strong><\/li>\n<li><strong>Einen \u00dcberraschungssieg gibt es auf Platz zwei: Das Cheerleader-Kost\u00fcm wird in der Karnevals-Hochsaison von 49.500 Google-Nutzern gesucht!<\/strong><\/li>\n<li><strong>Die M\u00e4rchenfigur Rotk\u00e4ppchen interessiert 40.500 Personen und landet somit auf dem dritten Platz.<\/strong><\/li>\n<li><strong>Auf dem vierten Platz steht das Pippi-Langstrumpf-Kost\u00fcm. Die beliebte Kinderbuch-Figur von Astrid Lindgren wird monatlich 33.100 Mal gesucht.<\/strong><\/li>\n<\/ul>\n<p><img loading=\"lazy\" decoding=\"async\" class=\"size-large wp-image-39631 aligncenter\" src=\"http:\/\/www.cosmoty.de\/test\/wp-content\/uploads\/2018\/02\/top-karnevalkost\u00fcme-deutschland-1-1024x807.png\" alt=\"\" width=\"840\" height=\"662\" srcset=\"https:\/\/www.cosmoty.de\/test\/wp-content\/uploads\/2018\/02\/top-karnevalkost\u00fcme-deutschland-1-1024x807.png 1024w, https:\/\/www.cosmoty.de\/test\/wp-content\/uploads\/2018\/02\/top-karnevalkost\u00fcme-deutschland-1-300x236.png 300w, https:\/\/www.cosmoty.de\/test\/wp-content\/uploads\/2018\/02\/top-karnevalkost\u00fcme-deutschland-1-768x605.png 768w, https:\/\/www.cosmoty.de\/test\/wp-content\/uploads\/2018\/02\/top-karnevalkost\u00fcme-deutschland-1-1200x945.png 1200w\" sizes=\"auto, (max-width: 709px) 85vw, (max-width: 909px) 67vw, (max-width: 1362px) 62vw, 840px\" \/><\/p>\n<p><b>Berlin <\/b><span style=\"font-weight: 400;\">\u2013 Bald hei\u00dft es wieder: Alaaf und Helau! Mit der Weiberfastnacht am 08.02.2018 f\u00e4ngt die hei\u00dfe Phase des Karnevals an. Dabei finden sich die meisten Karnevalisten in K\u00f6ln, Mainz und D\u00fcsseldorf, wie diese <\/span><a href=\"https:\/\/de.statista.com\/infografik\/6680\/teilnehmer-an-karneval-festumzuegen-in-deutschland\/\"><span style=\"font-weight: 400;\">Statista-Erhebung<\/span><\/a><span style=\"font-weight: 400;\"> verdeutlicht.<\/span><\/p>\n<p><span style=\"font-weight: 400;\">Laut <\/span><a href=\"https:\/\/de.statista.com\/statistik\/daten\/studie\/676645\/umfrage\/umsatz-der-hersteller-von-kostuemen-in-deutschland\/\"><span style=\"font-weight: 400;\">DVSI (Fachgruppe Karneval<\/span><\/a><span style=\"font-weight: 400;\">) <\/span><span style=\"font-weight: 400;\">verzeichneten Kost\u00fcmhersteller in Deutschland rund 260 Millionen Euro Umsatz in der Faschingssaison 2015\/2016 \u2013 ein lukratives Gesch\u00e4ft mit vielen begeisterten Karnevalg\u00e4ngern. Aber welche dieser Kost\u00fcme sind am beliebtesten?<\/span><\/p>\n<p><b>Piraten und Indianer in Deutschland auf Platz eins<\/b><\/p>\n<p><span style=\"font-weight: 400;\">\u201cAuf dem ersten Platz liefern sich zwei Kindheitshelden einen Kopf-an-Kopf-Rennen\u201d, erl\u00e4utert R\u00fcya Budal, Leiterin der Analyse. Ganze 60.500 Mal wurden Indianer- und Piratenkost\u00fcme jeweils gesucht. Diese Kindheitshelden werden vor allem bei den m\u00e4nnlichen Faschingsfans nie alt.<\/span><\/p>\n<p><span style=\"font-weight: 400;\"><img loading=\"lazy\" decoding=\"async\" class=\"alignnone size-full wp-image-39632\" src=\"http:\/\/www.cosmoty.de\/test\/wp-content\/uploads\/2018\/02\/tabelle-top-karnevalkost\u00fcme-deutschland-2.png\" alt=\"\" width=\"818\" height=\"745\" srcset=\"https:\/\/www.cosmoty.de\/test\/wp-content\/uploads\/2018\/02\/tabelle-top-karnevalkost\u00fcme-deutschland-2.png 818w, https:\/\/www.cosmoty.de\/test\/wp-content\/uploads\/2018\/02\/tabelle-top-karnevalkost\u00fcme-deutschland-2-300x273.png 300w, https:\/\/www.cosmoty.de\/test\/wp-content\/uploads\/2018\/02\/tabelle-top-karnevalkost\u00fcme-deutschland-2-768x699.png 768w\" sizes=\"auto, (max-width: 818px) 85vw, 818px\" \/><\/span><\/p>\n<p><b>Frauen gehen am liebsten als Cheerleader und Rotk\u00e4ppchen<\/b><\/p>\n<p><span style=\"font-weight: 400;\">Beliebt bei den weiblichen Faschingsbesuchern ist die Cheerleader- und Rotk\u00e4ppchenverkleidung. Das Kost\u00fcm des beliebten Highschool-Charakters (Cheerleader) f\u00fchrt mit 49.500 Suchanfragen und landet auf dem zweiten Platz der Top vier in Deutschland. \u201cDas Kost\u00fcm der M\u00e4rchenfigur der Gebr\u00fcder Grimm wird rund 40.500 Mal monatlich gesucht\u201d, informiert Budal. Somit belegt die Rotk\u00e4ppchen-Verkleidung den dritten Platz. Die bekannte schwedische Kinderbuch- und Serienfigur Pippi Langstrumpf landet mit 33.100 Suchanfragen auf.<\/span><\/p>\n<p><b>In den Karnevals-Hochburgen f\u00fchrt das Piratenkost\u00fcm das Ranking an<\/b><\/p>\n<p><span style=\"font-weight: 400;\">In den Karnevals-Hochburgen wie K\u00f6ln, Mainz oder D\u00fcsseldorf gibt es einen klaren Sieger: Das Piratenkost\u00fcm wird n\u00e4mlich 6.110 Mal erfragt und f\u00fchrt somit das Kopf-an-Kopf-Rennen mit dem Indianerkost\u00fcm (6.000 Suchanfragen) mit einem Vorsprung von 110 Anfragen im Monat an.<\/span><\/p>\n<p><span style=\"font-weight: 400;\">Im Unterschied zum deutschlandweiten Ranking folgt darauf das Rotk\u00e4ppchen-Kost\u00fcm mit einem Suchvolumen von 3.910, gefolgt vom Cheerleader-Kost\u00fcm mit 3.430 Anfragen. Wie auch im Deutschland-Ranking steht Pippi-Langstrumpf an letzter Stelle der beliebtesten Kost\u00fcme in den klassischen Karnevalsst\u00e4dten. Das Suchvolumen liegt hier bei 2.830.<\/span><\/p>\n<p><img loading=\"lazy\" decoding=\"async\" class=\"alignnone size-large wp-image-39618\" src=\"http:\/\/www.cosmoty.de\/test\/wp-content\/uploads\/2018\/02\/top-karnevalkost\u00fcme-karnevalsst\u00e4dte-1024x807.png\" alt=\"\" width=\"840\" height=\"662\" srcset=\"https:\/\/www.cosmoty.de\/test\/wp-content\/uploads\/2018\/02\/top-karnevalkost\u00fcme-karnevalsst\u00e4dte-1024x807.png 1024w, https:\/\/www.cosmoty.de\/test\/wp-content\/uploads\/2018\/02\/top-karnevalkost\u00fcme-karnevalsst\u00e4dte-300x236.png 300w, https:\/\/www.cosmoty.de\/test\/wp-content\/uploads\/2018\/02\/top-karnevalkost\u00fcme-karnevalsst\u00e4dte-768x605.png 768w, https:\/\/www.cosmoty.de\/test\/wp-content\/uploads\/2018\/02\/top-karnevalkost\u00fcme-karnevalsst\u00e4dte-1200x945.png 1200w\" sizes=\"auto, (max-width: 709px) 85vw, (max-width: 909px) 67vw, (max-width: 1362px) 62vw, 840px\" \/><\/p>\n<p><b>\u201cKarneval\u201d ist der beliebteste Name f\u00fcr das Fest!<\/b><\/p>\n<p><span style=\"font-weight: 400;\">Die meisten Deutschen nennen das Fest zur Vertreibung des Winters Karneval \u2013 zumindest wenn es nach den Google-Suchanfragen geht: \u201cDer Begriff \u201cKarneval\u201d wird bei Google mit 201.000 Suchanfragen in der Hochsaison des Festes, also im Januar und Februar am h\u00e4ufigsten gesucht\u201d, erl\u00e4utert SEO-Expertin Budal.<\/span><\/p>\n<p><span style=\"font-weight: 400;\">\u201cDas ist wenig verwunderlich, denn der Begriff ist in den absoluten Karnevalshochburgen im Ruhrpott wie K\u00f6ln und Mainz, aber auch in Aachen und Berlin verbreitet\u201d, so Budal weiter. \u201cAuf Platz zwei steht der vor allem im S\u00fcden verwendete Begriff \u201cFasching\u201d mit 165.000 Suchanfragen\u201d. Relativ weit abgeschlagen sind dagegen die Begriffe \u201cFastnacht\u201d (27.100 Anfragen), Fasnacht (18.100 Suchanfragen), \u201cFastelovend\u201d (12.100) und \u201cFasteleer\u201d (720).<\/span><br \/>\n<b>Wie ist die Cosmoty.de-Analyse zustandegekommen?<\/b><\/p>\n<p><span style=\"font-weight: 400;\">\u201cF\u00fcr die Auswertung wurden mithilfe eines SEO-Tools die durchschnittlichen Suchanfragen* pro Monat f\u00fcr die meistgesuchten Faschingskost\u00fcme innerhalb der Karnevalssaison des letzten Jahres analysiert. Dazu wurde ein deutschlandweites Ranking und ein Ranking f\u00fcr die St\u00e4dte, in denen Karneval am beliebtesten ist, ermittelt\u201d, erl\u00e4utert cosmoty.de-SEO-Spezialistin und Leiterin der Analyse R\u00fcya Budal.<\/span><\/p>\n<p>&nbsp;<\/p>\n<p><b>Hintergrund<\/b><\/p>\n<p><i><span style=\"font-weight: 400;\">Cosmoty.de ist ein Beauty-Portal mit Tipps und Tricks rund um Sch\u00f6nheit, Kosmetik und Parfum. Herausgeberin ist die VGl Verlagsgesellschaft mit Sitz in Berlin.<\/span><\/i><\/p>\n<p><b>Ben\u00f6tigen Sie einen Expertenkommentar oder ein Interview zur Auswertung?<\/b><\/p>\n<p><span style=\"font-weight: 400;\">Wir helfen Ihnen gerne weiter. Bitte kontaktieren Sie uns:<\/span><\/p>\n<p><b>D\u00e9sir\u00e9e Rossa<br \/>\n<\/b><span style=\"font-weight: 400;\">Pressesprecherin<br \/>\n<\/span><span style=\"font-weight: 400;\">E-Mail: <\/span><a href=\"mailto:desiree.rossa@vergleich.org\"><span style=\"font-weight: 400;\">desiree.rossa@vergleich.org<\/span><\/a><br \/>\n<span style=\"font-weight: 400;\">Telefon: <\/span><span style=\"font-weight: 400;\">0176 \/ 47170063<\/span><\/p>\n<p><b>Herausgeber dieser Pressemitteilung:<\/b><b><br \/>\n<\/b><span style=\"font-weight: 400;\">VGL Verlagsgesellschaft mbH<br \/>\n<\/span><span style=\"font-weight: 400;\">K\u00f6penicker Stra\u00dfe 126<br \/>\n<\/span><span style=\"font-weight: 400;\">D-10179 Berlin<\/span><span style=\"font-weight: 400;\"><br \/>\n<\/span><span style=\"font-weight: 400;\">Web: <\/span><a href=\"https:\/\/www.vergleich.org\/\"><span style=\"font-weight: 400;\">https:\/\/www.vergleich.org\/<\/span><\/a><\/p>\n<span id=\"post-ratings-39614\" class=\"post-ratings hreview-aggregate\" data-nonce=\"8fdf248e51\"><img decoding=\"async\" id=\"rating_39614_1\" src=\"https:\/\/www.cosmoty.de\/test\/wp-content\/plugins\/wp-postratings\/images\/stars_crystal\/rating_on.gif\" alt=\"1 Stern\" title=\"1 Stern\" onmouseover=\"current_rating(39614, 1, '1 Stern');\" onmouseout=\"ratings_off(4.3, 5, 0);\" onclick=\"rate_post();\" onkeypress=\"rate_post();\" style=\"cursor: pointer; border: 0px;\" \/><img decoding=\"async\" id=\"rating_39614_2\" src=\"https:\/\/www.cosmoty.de\/test\/wp-content\/plugins\/wp-postratings\/images\/stars_crystal\/rating_on.gif\" alt=\"2 Sterne\" title=\"2 Sterne\" onmouseover=\"current_rating(39614, 2, '2 Sterne');\" onmouseout=\"ratings_off(4.3, 5, 0);\" onclick=\"rate_post();\" onkeypress=\"rate_post();\" style=\"cursor: pointer; border: 0px;\" \/><img decoding=\"async\" id=\"rating_39614_3\" src=\"https:\/\/www.cosmoty.de\/test\/wp-content\/plugins\/wp-postratings\/images\/stars_crystal\/rating_on.gif\" alt=\"3 Sterne\" title=\"3 Sterne\" onmouseover=\"current_rating(39614, 3, '3 Sterne');\" onmouseout=\"ratings_off(4.3, 5, 0);\" onclick=\"rate_post();\" onkeypress=\"rate_post();\" style=\"cursor: pointer; border: 0px;\" \/><img decoding=\"async\" id=\"rating_39614_4\" src=\"https:\/\/www.cosmoty.de\/test\/wp-content\/plugins\/wp-postratings\/images\/stars_crystal\/rating_on.gif\" alt=\"4 Sterne\" title=\"4 Sterne\" onmouseover=\"current_rating(39614, 4, '4 Sterne');\" onmouseout=\"ratings_off(4.3, 5, 0);\" onclick=\"rate_post();\" onkeypress=\"rate_post();\" style=\"cursor: pointer; border: 0px;\" \/><img decoding=\"async\" id=\"rating_39614_5\" src=\"https:\/\/www.cosmoty.de\/test\/wp-content\/plugins\/wp-postratings\/images\/stars_crystal\/rating_half.gif\" alt=\"5 Sterne\" title=\"5 Sterne\" onmouseover=\"current_rating(39614, 5, '5 Sterne');\" onmouseout=\"ratings_off(4.3, 5, 0);\" onclick=\"rate_post();\" onkeypress=\"rate_post();\" style=\"cursor: pointer; border: 0px;\" \/> (<strong>30<\/strong> Bewertungen, Durchschnitt: <strong>4,30<\/strong> von 5)<br \/><span class=\"post-ratings-text\" id=\"ratings_39614_text\"><\/span><\/span><span id=\"post-ratings-39614-loading\" class=\"post-ratings-loading\"><img loading=\"lazy\" decoding=\"async\" src=\"https:\/\/www.cosmoty.de\/test\/wp-content\/plugins\/wp-postratings\/images\/loading.gif\" width=\"16\" height=\"16\" class=\"post-ratings-image\" \/>Loading...<\/span>","protected":false},"excerpt":{"rendered":"<p>Ob Karneval, Fasching oder Fastnacht: Begeisterte Jecken im ganzen Land sind schon im Verkleidungsfieber und suchen das passende Kost\u00fcm. Doch welche Verkleidung ist eigentlich am beliebtesten? Hierf\u00fcr haben die SEO-Experten des Online-Portals cosmoty.de analysiert, welche Kost\u00fcme bei Google am meisten gesucht werden. Hier die wichtigsten Ergebnisse: Den ersten Platz teilen sich zwei Kost\u00fcm-Klassiker! Die Verkleidung [&hellip;]<\/p>\n","protected":false},"author":1,"featured_media":0,"parent":0,"menu_order":0,"comment_status":"closed","ping_status":"closed","template":"","meta":{"_acf_changed":false,"footnotes":""},"class_list":["post-39614","page","type-page","status-publish","hentry"],"acf":[],"yoast_head":"<!-- This site is optimized with the Yoast SEO plugin v27.4 - https:\/\/yoast.com\/product\/yoast-seo-wordpress\/ -->\n<title>Piraten, Indianer, Cheerleader \u2013 Das sind die beliebtesten Karnevalskost\u00fcme! - Cosmoty.de<\/title>\n<meta name=\"robots\" content=\"index, follow, max-snippet:-1, max-image-preview:large, max-video-preview:-1\" \/>\n<link rel=\"canonical\" href=\"https:\/\/www.cosmoty.de\/test\/piraten-indianer-cheerleader-das-sind-die-beliebtesten-karnevalskostueme\/\" \/>\n<meta property=\"og:locale\" content=\"de_DE\" \/>\n<meta property=\"og:type\" content=\"article\" \/>\n<meta property=\"og:title\" content=\"Piraten, Indianer, Cheerleader \u2013 Das sind die beliebtesten Karnevalskost\u00fcme! - Cosmoty.de\" \/>\n<meta property=\"og:description\" content=\"Ob Karneval, Fasching oder Fastnacht: Begeisterte Jecken im ganzen Land sind schon im Verkleidungsfieber und suchen das passende Kost\u00fcm. Doch welche Verkleidung ist eigentlich am beliebtesten? Hierf\u00fcr haben die SEO-Experten des Online-Portals cosmoty.de analysiert, welche Kost\u00fcme bei Google am meisten gesucht werden. Hier die wichtigsten Ergebnisse: Den ersten Platz teilen sich zwei Kost\u00fcm-Klassiker! Die Verkleidung [&hellip;]\" \/>\n<meta property=\"og:url\" content=\"https:\/\/www.cosmoty.de\/test\/piraten-indianer-cheerleader-das-sind-die-beliebtesten-karnevalskostueme\/\" \/>\n<meta property=\"og:site_name\" content=\"Cosmoty.de\" \/>\n<meta property=\"article:modified_time\" content=\"2018-02-01T14:30:20+00:00\" \/>\n<meta name=\"twitter:card\" content=\"summary_large_image\" \/>\n<meta name=\"twitter:label1\" content=\"Gesch\u00e4tzte Lesezeit\" \/>\n\t<meta name=\"twitter:data1\" content=\"3\u00a0Minuten\" \/>\n<script type=\"application\/ld+json\" class=\"yoast-schema-graph\">{\"@context\":\"https:\\\/\\\/schema.org\",\"@graph\":[{\"@type\":\"WebPage\",\"@id\":\"https:\\\/\\\/www.cosmoty.de\\\/test\\\/piraten-indianer-cheerleader-das-sind-die-beliebtesten-karnevalskostueme\\\/\",\"url\":\"https:\\\/\\\/www.cosmoty.de\\\/test\\\/piraten-indianer-cheerleader-das-sind-die-beliebtesten-karnevalskostueme\\\/\",\"name\":\"Piraten, Indianer, Cheerleader \u2013 Das sind die beliebtesten Karnevalskost\u00fcme! - Cosmoty.de\",\"isPartOf\":{\"@id\":\"https:\\\/\\\/www.cosmoty.de\\\/test\\\/#website\"},\"datePublished\":\"2018-02-01T13:48:46+00:00\",\"dateModified\":\"2018-02-01T14:30:20+00:00\",\"breadcrumb\":{\"@id\":\"https:\\\/\\\/www.cosmoty.de\\\/test\\\/piraten-indianer-cheerleader-das-sind-die-beliebtesten-karnevalskostueme\\\/#breadcrumb\"},\"inLanguage\":\"de\",\"potentialAction\":[{\"@type\":\"ReadAction\",\"target\":[\"https:\\\/\\\/www.cosmoty.de\\\/test\\\/piraten-indianer-cheerleader-das-sind-die-beliebtesten-karnevalskostueme\\\/\"]}]},{\"@type\":\"BreadcrumbList\",\"@id\":\"https:\\\/\\\/www.cosmoty.de\\\/test\\\/piraten-indianer-cheerleader-das-sind-die-beliebtesten-karnevalskostueme\\\/#breadcrumb\",\"itemListElement\":[{\"@type\":\"ListItem\",\"position\":1,\"name\":\"Startseite\",\"item\":\"https:\\\/\\\/www.cosmoty.de\\\/test\\\/\"},{\"@type\":\"ListItem\",\"position\":2,\"name\":\"Piraten, Indianer, Cheerleader \u2013 Das sind die beliebtesten Karnevalskost\u00fcme!\"}]},{\"@type\":\"WebSite\",\"@id\":\"https:\\\/\\\/www.cosmoty.de\\\/test\\\/#website\",\"url\":\"https:\\\/\\\/www.cosmoty.de\\\/test\\\/\",\"name\":\"Cosmoty.de\",\"description\":\"\",\"potentialAction\":[{\"@type\":\"SearchAction\",\"target\":{\"@type\":\"EntryPoint\",\"urlTemplate\":\"https:\\\/\\\/www.cosmoty.de\\\/test\\\/?s={search_term_string}\"},\"query-input\":{\"@type\":\"PropertyValueSpecification\",\"valueRequired\":true,\"valueName\":\"search_term_string\"}}],\"inLanguage\":\"de\"}]}<\/script>\n<!-- \/ Yoast SEO plugin. -->","yoast_head_json":{"title":"Piraten, Indianer, Cheerleader \u2013 Das sind die beliebtesten Karnevalskost\u00fcme! - Cosmoty.de","robots":{"index":"index","follow":"follow","max-snippet":"max-snippet:-1","max-image-preview":"max-image-preview:large","max-video-preview":"max-video-preview:-1"},"canonical":"https:\/\/www.cosmoty.de\/test\/piraten-indianer-cheerleader-das-sind-die-beliebtesten-karnevalskostueme\/","og_locale":"de_DE","og_type":"article","og_title":"Piraten, Indianer, Cheerleader \u2013 Das sind die beliebtesten Karnevalskost\u00fcme! - Cosmoty.de","og_description":"Ob Karneval, Fasching oder Fastnacht: Begeisterte Jecken im ganzen Land sind schon im Verkleidungsfieber und suchen das passende Kost\u00fcm. Doch welche Verkleidung ist eigentlich am beliebtesten? Hierf\u00fcr haben die SEO-Experten des Online-Portals cosmoty.de analysiert, welche Kost\u00fcme bei Google am meisten gesucht werden. Hier die wichtigsten Ergebnisse: Den ersten Platz teilen sich zwei Kost\u00fcm-Klassiker! Die Verkleidung [&hellip;]","og_url":"https:\/\/www.cosmoty.de\/test\/piraten-indianer-cheerleader-das-sind-die-beliebtesten-karnevalskostueme\/","og_site_name":"Cosmoty.de","article_modified_time":"2018-02-01T14:30:20+00:00","twitter_card":"summary_large_image","twitter_misc":{"Gesch\u00e4tzte Lesezeit":"3\u00a0Minuten"},"schema":{"@context":"https:\/\/schema.org","@graph":[{"@type":"WebPage","@id":"https:\/\/www.cosmoty.de\/test\/piraten-indianer-cheerleader-das-sind-die-beliebtesten-karnevalskostueme\/","url":"https:\/\/www.cosmoty.de\/test\/piraten-indianer-cheerleader-das-sind-die-beliebtesten-karnevalskostueme\/","name":"Piraten, Indianer, Cheerleader \u2013 Das sind die beliebtesten Karnevalskost\u00fcme! - Cosmoty.de","isPartOf":{"@id":"https:\/\/www.cosmoty.de\/test\/#website"},"datePublished":"2018-02-01T13:48:46+00:00","dateModified":"2018-02-01T14:30:20+00:00","breadcrumb":{"@id":"https:\/\/www.cosmoty.de\/test\/piraten-indianer-cheerleader-das-sind-die-beliebtesten-karnevalskostueme\/#breadcrumb"},"inLanguage":"de","potentialAction":[{"@type":"ReadAction","target":["https:\/\/www.cosmoty.de\/test\/piraten-indianer-cheerleader-das-sind-die-beliebtesten-karnevalskostueme\/"]}]},{"@type":"BreadcrumbList","@id":"https:\/\/www.cosmoty.de\/test\/piraten-indianer-cheerleader-das-sind-die-beliebtesten-karnevalskostueme\/#breadcrumb","itemListElement":[{"@type":"ListItem","position":1,"name":"Startseite","item":"https:\/\/www.cosmoty.de\/test\/"},{"@type":"ListItem","position":2,"name":"Piraten, Indianer, Cheerleader \u2013 Das sind die beliebtesten Karnevalskost\u00fcme!"}]},{"@type":"WebSite","@id":"https:\/\/www.cosmoty.de\/test\/#website","url":"https:\/\/www.cosmoty.de\/test\/","name":"Cosmoty.de","description":"","potentialAction":[{"@type":"SearchAction","target":{"@type":"EntryPoint","urlTemplate":"https:\/\/www.cosmoty.de\/test\/?s={search_term_string}"},"query-input":{"@type":"PropertyValueSpecification","valueRequired":true,"valueName":"search_term_string"}}],"inLanguage":"de"}]}},"_links":{"self":[{"href":"https:\/\/www.cosmoty.de\/test\/wp-json\/wp\/v2\/pages\/39614","targetHints":{"allow":["GET"]}}],"collection":[{"href":"https:\/\/www.cosmoty.de\/test\/wp-json\/wp\/v2\/pages"}],"about":[{"href":"https:\/\/www.cosmoty.de\/test\/wp-json\/wp\/v2\/types\/page"}],"author":[{"embeddable":true,"href":"https:\/\/www.cosmoty.de\/test\/wp-json\/wp\/v2\/users\/1"}],"replies":[{"embeddable":true,"href":"https:\/\/www.cosmoty.de\/test\/wp-json\/wp\/v2\/comments?post=39614"}],"version-history":[{"count":15,"href":"https:\/\/www.cosmoty.de\/test\/wp-json\/wp\/v2\/pages\/39614\/revisions"}],"predecessor-version":[{"id":39635,"href":"https:\/\/www.cosmoty.de\/test\/wp-json\/wp\/v2\/pages\/39614\/revisions\/39635"}],"wp:attachment":[{"href":"https:\/\/www.cosmoty.de\/test\/wp-json\/wp\/v2\/media?parent=39614"}],"curies":[{"name":"wp","href":"https:\/\/api.w.org\/{rel}","templated":true}]}}