{"id":40054,"date":"2018-08-21T14:38:56","date_gmt":"2018-08-21T14:38:56","guid":{"rendered":"https:\/\/www.cosmoty.de\/test\/?page_id=40054"},"modified":"2018-08-27T14:42:23","modified_gmt":"2018-08-27T14:42:23","slug":"haetten-sie-nicht-gedacht-das-sind-die-beliebtesten-tattoo-motive","status":"publish","type":"page","link":"https:\/\/www.cosmoty.de\/test\/haetten-sie-nicht-gedacht-das-sind-die-beliebtesten-tattoo-motive\/","title":{"rendered":"H\u00e4tten Sie nicht gedacht: Das sind die beliebtesten Tattoo-Motive im Netz!"},"content":{"rendered":"<p><span style=\"font-weight: 400;\">Tattoos liegen voll im Trend: Laut einer <\/span><a href=\"https:\/\/de.statista.com\/statistik\/daten\/studie\/718861\/umfrage\/umfrage-zum-vorhandensein-von-tattoos-in-deutschland\/\"><span style=\"font-weight: 400;\">Umfrage<\/span><\/a><span style=\"font-weight: 400;\"> geben aktuell 24% der Befragten an, mindestens ein Tattoo zu haben. Inspiration f\u00fcr ihr Tattoo-Motiv suchen Interessierte dabei zunehmend im Netz \u2013 knapp 20% suchen bei bei Instagram (Quelle: <\/span><a href=\"https:\/\/de.statista.com\/statistik\/daten\/studie\/721711\/umfrage\/umfrage-zur-inspiration-zum-thema-tattoos-piercings-in-deutschland-nach-nach-geschlecht\/\"><span style=\"font-weight: 400;\">Statista<\/span><\/a><span style=\"font-weight: 400;\">).<\/span><\/p>\n<p><span style=\"font-weight: 400;\">Da liegt es nahe, sich anzuschauen, welche Tattoo-Motive besonders oft gegoogelt werden. Genau das hat die Redaktion des Beauty-Portals <\/span><a href=\"https:\/\/www.cosmoty.de\/test\/\"><span style=\"font-weight: 400;\">Cosmoty.de<\/span><\/a><span style=\"font-weight: 400;\"> getan!<\/span><\/p>\n<p><img loading=\"lazy\" decoding=\"async\" class=\"aligncenter size-large wp-image-40055\" src=\"https:\/\/www.cosmoty.de\/test\/wp-content\/uploads\/2018\/08\/beliebteste-tattoo-motive-platz-1-bis-3-1024x815.png\" alt=\"\" width=\"840\" height=\"669\" srcset=\"https:\/\/www.cosmoty.de\/test\/wp-content\/uploads\/2018\/08\/beliebteste-tattoo-motive-platz-1-bis-3-1024x815.png 1024w, https:\/\/www.cosmoty.de\/test\/wp-content\/uploads\/2018\/08\/beliebteste-tattoo-motive-platz-1-bis-3-300x239.png 300w, https:\/\/www.cosmoty.de\/test\/wp-content\/uploads\/2018\/08\/beliebteste-tattoo-motive-platz-1-bis-3-768x612.png 768w, https:\/\/www.cosmoty.de\/test\/wp-content\/uploads\/2018\/08\/beliebteste-tattoo-motive-platz-1-bis-3-1200x956.png 1200w\" sizes=\"auto, (max-width: 709px) 85vw, (max-width: 909px) 67vw, (max-width: 1362px) 62vw, 840px\" \/><\/p>\n<ul>\n<li><strong>Platz eins geht an einen Klassiker: Das Anker-Tattoo sichert sich mit 14.800 Google-Suchaufrufen pro Monat den Thron!<\/strong><\/li>\n<li><strong>Auf Platz zwei landen mit je 12.100 Aufrufen die Motive L\u00f6we, Wolf und Kompass.<\/strong><\/li>\n<li><strong>Platz drei geht an das Rosen-Tattoo mit 9.900 Suchanfragen pro Monat. Nach wie vor genauso beliebt: Das Tribal-Tattoo, das in den 90ern seinen gro\u00dfen Boom hatte, wird immer noch gern gesucht.<\/strong><\/li>\n<li><strong>F\u00fcr Kreuz- und Totenkopf-Tattoos interessieren sich pro Monat je 8.100 Google-Nutzer \u2013 Platz vier.<\/strong><\/li>\n<li><strong>Besonders viele Tattoos auf den Pl\u00e4tzen eins bis zehn sind Tiermotive wie z.B. Eule, Ph\u00f6nix oder Schmetterling (Platz 5, je 6.600 Suchanfragen). Kein Wunder, verk\u00f6rpern diese doch besonders anschaulich Werte wie St\u00e4rke, Stolz oder Sch\u00f6nheit.<\/strong><\/li>\n<\/ul>\n<p><strong>Berlin<\/strong> <span style=\"font-weight: 400;\">\u2013 Fr\u00fcher als Kennzeichen Krimineller und sonstiger B\u00fcrgerschrecks verschrien, sind T\u00e4towierungen mittlerweile in den Mainstream ger\u00fcckt. \u201cW\u00e4hrend in den 90er- und 00er-Jahren noch eher kleine Tattoos in Mode waren, geht die Tendenz heute zu gro\u00dffl\u00e4chigen Motiven\u201d, erkl\u00e4rt D\u00e9sir\u00e9e Rossa von Cosmoty.de, die die Studie erstellt hat.<\/span><\/p>\n<p><span style=\"font-weight: 400;\">\u201cUm herauszufinden, welche Motive besonders angesagt sind, haben wir mithilfe eines SEO-Tools analysiert, welche Tattoos besonders h\u00e4ufig bei Google gesucht werden\u201d, so Rossa weiter.<\/span><\/p>\n<p><img loading=\"lazy\" decoding=\"async\" class=\"aligncenter size-large wp-image-40056\" src=\"https:\/\/www.cosmoty.de\/test\/wp-content\/uploads\/2018\/08\/beliebteste-tattoo-motive-platz-4-und-5-1024x871.png\" alt=\"\" width=\"840\" height=\"714\" srcset=\"https:\/\/www.cosmoty.de\/test\/wp-content\/uploads\/2018\/08\/beliebteste-tattoo-motive-platz-4-und-5-1024x871.png 1024w, https:\/\/www.cosmoty.de\/test\/wp-content\/uploads\/2018\/08\/beliebteste-tattoo-motive-platz-4-und-5-300x255.png 300w, https:\/\/www.cosmoty.de\/test\/wp-content\/uploads\/2018\/08\/beliebteste-tattoo-motive-platz-4-und-5-768x653.png 768w, https:\/\/www.cosmoty.de\/test\/wp-content\/uploads\/2018\/08\/beliebteste-tattoo-motive-platz-4-und-5-1200x1021.png 1200w\" sizes=\"auto, (max-width: 709px) 85vw, (max-width: 909px) 67vw, (max-width: 1362px) 62vw, 840px\" \/><\/p>\n<p><b>Ein alter Klassiker auf Platz 1!<\/b><\/p>\n<p><span style=\"font-weight: 400;\">Klarer Sieger der Auswertung: Das Anker-Tattoo mit 14.800 Suchanfragen pro Monat. \u201cDas Tattoo stammt aus dem Seefahrer-Kontext und hat ein breites Spektrum an Bedeutungen: So steht es u.A. f\u00fcr fest verankerte Hoffnung, Halt und Heimat. Auch im Rockabilly-Bereich ist es beliebt\u201d, so die Leiterin der Cosmoty.de-Auswertung.<\/span><\/p>\n<p><b>Wolf, L\u00f6we und Kompass auf Platz 2<\/b><\/p>\n<p><span style=\"font-weight: 400;\">Mit je 12.100 Suchanfragen pro Monat landen die Motive \u201cL\u00f6we\u201d, \u201cWolf\u201d und \u201cKompass\u201d auf Platz zwei. \u201cDas Wolfs-Tattoo steht f\u00fcr St\u00e4rke, Treue und Unabh\u00e4ngigkeit. Auch der L\u00f6we als K\u00f6nig der Tiere symbolisiert Macht und St\u00e4rke \u2013 Tr\u00e4ger dieses Tattoos machen allen klar, wer der Boss ist\u201d, erl\u00e4utert die Cosmoty.de-Expertin die Bedeutungen der Tattoo-Motive.<\/span><\/p>\n<p><span style=\"font-weight: 400;\">Der Kompass kann f\u00fcr Orientierung und klare Ziele sowie \u00fcbertragen auch f\u00fcr die innere Stimme und Intuition stehen, die uns in die richtige Richtung leitet.<\/span><b><\/b><\/p>\n<p><img loading=\"lazy\" decoding=\"async\" class=\"aligncenter size-large wp-image-40060\" src=\"https:\/\/www.cosmoty.de\/test\/wp-content\/uploads\/2018\/08\/beliebteste-tattoo-motive-liste-642x1024.png\" alt=\"\" width=\"642\" height=\"1024\" srcset=\"https:\/\/www.cosmoty.de\/test\/wp-content\/uploads\/2018\/08\/beliebteste-tattoo-motive-liste-642x1024.png 642w, https:\/\/www.cosmoty.de\/test\/wp-content\/uploads\/2018\/08\/beliebteste-tattoo-motive-liste-188x300.png 188w, https:\/\/www.cosmoty.de\/test\/wp-content\/uploads\/2018\/08\/beliebteste-tattoo-motive-liste.png 645w\" sizes=\"auto, (max-width: 642px) 85vw, 642px\" \/><\/p>\n<p><b>Tribal-Tattoos nach wie vor beliebt<\/b><\/p>\n<p><span style=\"font-weight: 400;\">Auf Platz drei landen mit je 9.900 Suchanfragen pro Monat das Tribal- sowie das Rosen-Tattoo. Stilisierte Tribals waren in den 90ern angesagt, auch das ber\u00fchmt-ber\u00fcchtigte \u201cArschgeweih\u201d war oft in diesem Stil gehalten. Heutige Tribals orientieren sich oft wieder st\u00e4rker an den Urspr\u00fcngen in der Stammeskultur.<\/span><\/p>\n<p><span style=\"font-weight: 400;\">\u201cDie Rose ist wohl das am st\u00e4rksten mit Bedeutung aufgeladene Blumenmotiv \u00fcberhaupt und so \u00fcberrascht es nicht, dass sie auch ein extrem beliebtes Tattoo-Motiv ist\u201d, so die Redakteurin von Cosmoty.de. <\/span><\/p>\n<p><span style=\"font-weight: 400;\">\u201cDie offensichtlichste Bedeutung des Rosenmotivs ist die der ewigen Liebe, au\u00dferdem steht sie f\u00fcr Sch\u00f6nheit. Verbl\u00fchende Rosen k\u00f6nnen au\u00dferdem Verg\u00e4nglichkeit bedeuten\u201d, so Expertin Rossa weiter.<\/span><\/p>\n<p><span style=\"font-weight: 400;\">Morbide wird es auf Platz 4: Je 8.100 Suchanfragen pro Monat gehen auf die Begriffe \u201cTotenkopf-Tattoo\u201d und \u201cKreuz-Tattoo\u201d, die beide Tod und Verg\u00e4nglichkeit symbolisieren. Das Kreuz-Tattoo kann zus\u00e4tzlich selbstverst\u00e4ndlich auch als Symbol eines starken christlichen Glaubens gemeint sein.<\/span><\/p>\n<table>\n<tbody>\n<tr>\n<td><b>Vorsicht beim Kreuz als Tattoo-Motiv: Einige Varianten sind in der rechtsextremen Szene verbreitet!<\/b><\/p>\n<p><span style=\"font-weight: 400;\">Achtung: Einige Formen des Kreuzes, wie das gleichschenklige Keltenkreuz oder das Sonnenkreuz, werden mit rechtsradikalen Gruppen in Verbindung gebracht. Sie sollten vermieden werden, wenn der Tr\u00e4ger oder die Tr\u00e4gerin nicht als rechtsextrem gelten m\u00f6chte.<\/span><\/td>\n<\/tr>\n<\/tbody>\n<\/table>\n<p>&nbsp;<\/p>\n<p><b>Hintergrund<\/b><\/p>\n<p><a href=\"https:\/\/www.cosmoty.de\"><i><span style=\"font-weight: 400;\">Cosmoty.de<\/span><\/i><\/a><i><span style=\"font-weight: 400;\"> ist ein Beauty Portal mit Tipps und Tricks rund um Sch\u00f6nheit, Kosmetik und Parfum. Herausgeberin ist die VGL Verlagsgesellschaft mit Sitz in Berlin.<\/span><\/i><\/p>\n<p><b>Ben\u00f6tigen Sie einen Expertenkommentar oder ein Interview zur Auswertung?<\/b><\/p>\n<p><span style=\"font-weight: 400;\">Wir helfen Ihnen gerne weiter. Bitte kontaktieren Sie uns:<\/span><\/p>\n<p><img loading=\"lazy\" decoding=\"async\" class=\"wp-image-39603 size-thumbnail alignleft\" src=\"https:\/\/www.cosmoty.de\/test\/wp-content\/uploads\/2018\/01\/desiree-ring_720-150x150.png\" alt=\"\" width=\"150\" height=\"150\" srcset=\"https:\/\/www.cosmoty.de\/test\/wp-content\/uploads\/2018\/01\/desiree-ring_720-150x150.png 150w, https:\/\/www.cosmoty.de\/test\/wp-content\/uploads\/2018\/01\/desiree-ring_720-300x300.png 300w, https:\/\/www.cosmoty.de\/test\/wp-content\/uploads\/2018\/01\/desiree-ring_720-400x400.png 400w, https:\/\/www.cosmoty.de\/test\/wp-content\/uploads\/2018\/01\/desiree-ring_720.png 719w\" sizes=\"auto, (max-width: 150px) 85vw, 150px\" \/><\/p>\n<p><b>D\u00e9sir\u00e9e Rossa<br \/>\n<\/b><span style=\"font-weight: 400;\">Pressesprecherin<\/span><\/p>\n<p><span style=\"font-weight: 400;\">E Mail: <\/span><a href=\"mailto:desiree.rossa@vergleich.org\"><span style=\"font-weight: 400;\">desiree.rossa@vergleich.org<\/span><\/a><br \/>\n<span style=\"font-weight: 400;\">Telefon: <\/span><span style=\"font-weight: 400;\">0176 \/ 47170063<\/span><\/p>\n<p>&nbsp;<\/p>\n<p><b>Herausgeber dieser Pressemitteilung:<\/b><\/p>\n<p><span style=\"font-weight: 400;\">VGL Verlagsgesellschaft mbH<br \/>\n<\/span><span style=\"font-weight: 400;\">K\u00f6penicker Stra\u00dfe 126<\/span><\/p>\n<p><span style=\"font-weight: 400;\">D 10179 Berlin<\/span><span style=\"font-weight: 400;\"><br \/>\n<\/span><span style=\"font-weight: 400;\">Web: <\/span><a href=\"https:\/\/www.vergleich.org\/\"><span style=\"font-weight: 400;\">https:\/\/www.vergleich.org\/<\/span><\/a><\/p>\n<span id=\"post-ratings-40054\" class=\"post-ratings hreview-aggregate\" data-nonce=\"8bd6aff75b\"><img decoding=\"async\" id=\"rating_40054_1\" src=\"https:\/\/www.cosmoty.de\/test\/wp-content\/plugins\/wp-postratings\/images\/stars_crystal\/rating_on.gif\" alt=\"1 Stern\" title=\"1 Stern\" onmouseover=\"current_rating(40054, 1, '1 Stern');\" onmouseout=\"ratings_off(4.8, 5, 0);\" onclick=\"rate_post();\" onkeypress=\"rate_post();\" style=\"cursor: pointer; border: 0px;\" \/><img decoding=\"async\" id=\"rating_40054_2\" src=\"https:\/\/www.cosmoty.de\/test\/wp-content\/plugins\/wp-postratings\/images\/stars_crystal\/rating_on.gif\" alt=\"2 Sterne\" title=\"2 Sterne\" onmouseover=\"current_rating(40054, 2, '2 Sterne');\" onmouseout=\"ratings_off(4.8, 5, 0);\" onclick=\"rate_post();\" onkeypress=\"rate_post();\" style=\"cursor: pointer; border: 0px;\" \/><img decoding=\"async\" id=\"rating_40054_3\" src=\"https:\/\/www.cosmoty.de\/test\/wp-content\/plugins\/wp-postratings\/images\/stars_crystal\/rating_on.gif\" alt=\"3 Sterne\" title=\"3 Sterne\" onmouseover=\"current_rating(40054, 3, '3 Sterne');\" onmouseout=\"ratings_off(4.8, 5, 0);\" onclick=\"rate_post();\" onkeypress=\"rate_post();\" style=\"cursor: pointer; border: 0px;\" \/><img decoding=\"async\" id=\"rating_40054_4\" src=\"https:\/\/www.cosmoty.de\/test\/wp-content\/plugins\/wp-postratings\/images\/stars_crystal\/rating_on.gif\" alt=\"4 Sterne\" title=\"4 Sterne\" onmouseover=\"current_rating(40054, 4, '4 Sterne');\" onmouseout=\"ratings_off(4.8, 5, 0);\" onclick=\"rate_post();\" onkeypress=\"rate_post();\" style=\"cursor: pointer; border: 0px;\" \/><img decoding=\"async\" id=\"rating_40054_5\" src=\"https:\/\/www.cosmoty.de\/test\/wp-content\/plugins\/wp-postratings\/images\/stars_crystal\/rating_half.gif\" alt=\"5 Sterne\" title=\"5 Sterne\" onmouseover=\"current_rating(40054, 5, '5 Sterne');\" onmouseout=\"ratings_off(4.8, 5, 0);\" onclick=\"rate_post();\" onkeypress=\"rate_post();\" style=\"cursor: pointer; border: 0px;\" \/> (<strong>49<\/strong> Bewertungen, Durchschnitt: <strong>4,80<\/strong> von 5)<br \/><span class=\"post-ratings-text\" id=\"ratings_40054_text\"><\/span><\/span><span id=\"post-ratings-40054-loading\" class=\"post-ratings-loading\"><img loading=\"lazy\" decoding=\"async\" src=\"https:\/\/www.cosmoty.de\/test\/wp-content\/plugins\/wp-postratings\/images\/loading.gif\" width=\"16\" height=\"16\" class=\"post-ratings-image\" \/>Loading...<\/span>","protected":false},"excerpt":{"rendered":"<p>Tattoos liegen voll im Trend: Laut einer Umfrage geben aktuell 24% der Befragten an, mindestens ein Tattoo zu haben. Inspiration f\u00fcr ihr Tattoo-Motiv suchen Interessierte dabei zunehmend im Netz \u2013 knapp 20% suchen bei bei Instagram (Quelle: Statista). Da liegt es nahe, sich anzuschauen, welche Tattoo-Motive besonders oft gegoogelt werden. Genau das hat die Redaktion [&hellip;]<\/p>\n","protected":false},"author":1,"featured_media":0,"parent":0,"menu_order":0,"comment_status":"closed","ping_status":"closed","template":"","meta":{"_acf_changed":false,"footnotes":""},"class_list":["post-40054","page","type-page","status-publish","hentry"],"acf":[],"yoast_head":"<!-- This site is optimized with the Yoast SEO plugin v27.4 - https:\/\/yoast.com\/product\/yoast-seo-wordpress\/ -->\n<title>H\u00e4tten Sie nicht gedacht: Das sind die beliebtesten Tattoo-Motive im Netz! - Cosmoty.de<\/title>\n<meta name=\"robots\" content=\"index, follow, max-snippet:-1, max-image-preview:large, max-video-preview:-1\" \/>\n<link rel=\"canonical\" href=\"https:\/\/www.cosmoty.de\/test\/haetten-sie-nicht-gedacht-das-sind-die-beliebtesten-tattoo-motive\/\" \/>\n<meta property=\"og:locale\" content=\"de_DE\" \/>\n<meta property=\"og:type\" content=\"article\" \/>\n<meta property=\"og:title\" content=\"H\u00e4tten Sie nicht gedacht: Das sind die beliebtesten Tattoo-Motive im Netz! - Cosmoty.de\" \/>\n<meta property=\"og:description\" content=\"Tattoos liegen voll im Trend: Laut einer Umfrage geben aktuell 24% der Befragten an, mindestens ein Tattoo zu haben. Inspiration f\u00fcr ihr Tattoo-Motiv suchen Interessierte dabei zunehmend im Netz \u2013 knapp 20% suchen bei bei Instagram (Quelle: Statista). Da liegt es nahe, sich anzuschauen, welche Tattoo-Motive besonders oft gegoogelt werden. Genau das hat die Redaktion [&hellip;]\" \/>\n<meta property=\"og:url\" content=\"https:\/\/www.cosmoty.de\/test\/haetten-sie-nicht-gedacht-das-sind-die-beliebtesten-tattoo-motive\/\" \/>\n<meta property=\"og:site_name\" content=\"Cosmoty.de\" \/>\n<meta property=\"article:modified_time\" content=\"2018-08-27T14:42:23+00:00\" \/>\n<meta property=\"og:image\" content=\"https:\/\/www.cosmoty.de\/test\/wp-content\/uploads\/2018\/08\/beliebteste-tattoo-motive-platz-1-bis-3-1024x815.png\" \/>\n<meta name=\"twitter:card\" content=\"summary_large_image\" \/>\n<meta name=\"twitter:label1\" content=\"Gesch\u00e4tzte Lesezeit\" \/>\n\t<meta name=\"twitter:data1\" content=\"3\u00a0Minuten\" \/>\n<script type=\"application\/ld+json\" class=\"yoast-schema-graph\">{\"@context\":\"https:\\\/\\\/schema.org\",\"@graph\":[{\"@type\":\"WebPage\",\"@id\":\"https:\\\/\\\/www.cosmoty.de\\\/test\\\/haetten-sie-nicht-gedacht-das-sind-die-beliebtesten-tattoo-motive\\\/\",\"url\":\"https:\\\/\\\/www.cosmoty.de\\\/test\\\/haetten-sie-nicht-gedacht-das-sind-die-beliebtesten-tattoo-motive\\\/\",\"name\":\"H\u00e4tten Sie nicht gedacht: Das sind die beliebtesten Tattoo-Motive im Netz! - Cosmoty.de\",\"isPartOf\":{\"@id\":\"https:\\\/\\\/www.cosmoty.de\\\/test\\\/#website\"},\"primaryImageOfPage\":{\"@id\":\"https:\\\/\\\/www.cosmoty.de\\\/test\\\/haetten-sie-nicht-gedacht-das-sind-die-beliebtesten-tattoo-motive\\\/#primaryimage\"},\"image\":{\"@id\":\"https:\\\/\\\/www.cosmoty.de\\\/test\\\/haetten-sie-nicht-gedacht-das-sind-die-beliebtesten-tattoo-motive\\\/#primaryimage\"},\"thumbnailUrl\":\"https:\\\/\\\/www.cosmoty.de\\\/test\\\/wp-content\\\/uploads\\\/2018\\\/08\\\/beliebteste-tattoo-motive-platz-1-bis-3-1024x815.png\",\"datePublished\":\"2018-08-21T14:38:56+00:00\",\"dateModified\":\"2018-08-27T14:42:23+00:00\",\"breadcrumb\":{\"@id\":\"https:\\\/\\\/www.cosmoty.de\\\/test\\\/haetten-sie-nicht-gedacht-das-sind-die-beliebtesten-tattoo-motive\\\/#breadcrumb\"},\"inLanguage\":\"de\",\"potentialAction\":[{\"@type\":\"ReadAction\",\"target\":[\"https:\\\/\\\/www.cosmoty.de\\\/test\\\/haetten-sie-nicht-gedacht-das-sind-die-beliebtesten-tattoo-motive\\\/\"]}]},{\"@type\":\"ImageObject\",\"inLanguage\":\"de\",\"@id\":\"https:\\\/\\\/www.cosmoty.de\\\/test\\\/haetten-sie-nicht-gedacht-das-sind-die-beliebtesten-tattoo-motive\\\/#primaryimage\",\"url\":\"https:\\\/\\\/www.cosmoty.de\\\/test\\\/wp-content\\\/uploads\\\/2018\\\/08\\\/beliebteste-tattoo-motive-platz-1-bis-3.png\",\"contentUrl\":\"https:\\\/\\\/www.cosmoty.de\\\/test\\\/wp-content\\\/uploads\\\/2018\\\/08\\\/beliebteste-tattoo-motive-platz-1-bis-3.png\",\"width\":2710,\"height\":2158},{\"@type\":\"BreadcrumbList\",\"@id\":\"https:\\\/\\\/www.cosmoty.de\\\/test\\\/haetten-sie-nicht-gedacht-das-sind-die-beliebtesten-tattoo-motive\\\/#breadcrumb\",\"itemListElement\":[{\"@type\":\"ListItem\",\"position\":1,\"name\":\"Startseite\",\"item\":\"https:\\\/\\\/www.cosmoty.de\\\/test\\\/\"},{\"@type\":\"ListItem\",\"position\":2,\"name\":\"H\u00e4tten Sie nicht gedacht: Das sind die beliebtesten Tattoo-Motive im Netz!\"}]},{\"@type\":\"WebSite\",\"@id\":\"https:\\\/\\\/www.cosmoty.de\\\/test\\\/#website\",\"url\":\"https:\\\/\\\/www.cosmoty.de\\\/test\\\/\",\"name\":\"Cosmoty.de\",\"description\":\"\",\"potentialAction\":[{\"@type\":\"SearchAction\",\"target\":{\"@type\":\"EntryPoint\",\"urlTemplate\":\"https:\\\/\\\/www.cosmoty.de\\\/test\\\/?s={search_term_string}\"},\"query-input\":{\"@type\":\"PropertyValueSpecification\",\"valueRequired\":true,\"valueName\":\"search_term_string\"}}],\"inLanguage\":\"de\"}]}<\/script>\n<!-- \/ Yoast SEO plugin. -->","yoast_head_json":{"title":"H\u00e4tten Sie nicht gedacht: Das sind die beliebtesten Tattoo-Motive im Netz! - Cosmoty.de","robots":{"index":"index","follow":"follow","max-snippet":"max-snippet:-1","max-image-preview":"max-image-preview:large","max-video-preview":"max-video-preview:-1"},"canonical":"https:\/\/www.cosmoty.de\/test\/haetten-sie-nicht-gedacht-das-sind-die-beliebtesten-tattoo-motive\/","og_locale":"de_DE","og_type":"article","og_title":"H\u00e4tten Sie nicht gedacht: Das sind die beliebtesten Tattoo-Motive im Netz! - Cosmoty.de","og_description":"Tattoos liegen voll im Trend: Laut einer Umfrage geben aktuell 24% der Befragten an, mindestens ein Tattoo zu haben. Inspiration f\u00fcr ihr Tattoo-Motiv suchen Interessierte dabei zunehmend im Netz \u2013 knapp 20% suchen bei bei Instagram (Quelle: Statista). Da liegt es nahe, sich anzuschauen, welche Tattoo-Motive besonders oft gegoogelt werden. Genau das hat die Redaktion [&hellip;]","og_url":"https:\/\/www.cosmoty.de\/test\/haetten-sie-nicht-gedacht-das-sind-die-beliebtesten-tattoo-motive\/","og_site_name":"Cosmoty.de","article_modified_time":"2018-08-27T14:42:23+00:00","og_image":[{"url":"https:\/\/www.cosmoty.de\/test\/wp-content\/uploads\/2018\/08\/beliebteste-tattoo-motive-platz-1-bis-3-1024x815.png","type":"","width":"","height":""}],"twitter_card":"summary_large_image","twitter_misc":{"Gesch\u00e4tzte Lesezeit":"3\u00a0Minuten"},"schema":{"@context":"https:\/\/schema.org","@graph":[{"@type":"WebPage","@id":"https:\/\/www.cosmoty.de\/test\/haetten-sie-nicht-gedacht-das-sind-die-beliebtesten-tattoo-motive\/","url":"https:\/\/www.cosmoty.de\/test\/haetten-sie-nicht-gedacht-das-sind-die-beliebtesten-tattoo-motive\/","name":"H\u00e4tten Sie nicht gedacht: Das sind die beliebtesten Tattoo-Motive im Netz! - Cosmoty.de","isPartOf":{"@id":"https:\/\/www.cosmoty.de\/test\/#website"},"primaryImageOfPage":{"@id":"https:\/\/www.cosmoty.de\/test\/haetten-sie-nicht-gedacht-das-sind-die-beliebtesten-tattoo-motive\/#primaryimage"},"image":{"@id":"https:\/\/www.cosmoty.de\/test\/haetten-sie-nicht-gedacht-das-sind-die-beliebtesten-tattoo-motive\/#primaryimage"},"thumbnailUrl":"https:\/\/www.cosmoty.de\/test\/wp-content\/uploads\/2018\/08\/beliebteste-tattoo-motive-platz-1-bis-3-1024x815.png","datePublished":"2018-08-21T14:38:56+00:00","dateModified":"2018-08-27T14:42:23+00:00","breadcrumb":{"@id":"https:\/\/www.cosmoty.de\/test\/haetten-sie-nicht-gedacht-das-sind-die-beliebtesten-tattoo-motive\/#breadcrumb"},"inLanguage":"de","potentialAction":[{"@type":"ReadAction","target":["https:\/\/www.cosmoty.de\/test\/haetten-sie-nicht-gedacht-das-sind-die-beliebtesten-tattoo-motive\/"]}]},{"@type":"ImageObject","inLanguage":"de","@id":"https:\/\/www.cosmoty.de\/test\/haetten-sie-nicht-gedacht-das-sind-die-beliebtesten-tattoo-motive\/#primaryimage","url":"https:\/\/www.cosmoty.de\/test\/wp-content\/uploads\/2018\/08\/beliebteste-tattoo-motive-platz-1-bis-3.png","contentUrl":"https:\/\/www.cosmoty.de\/test\/wp-content\/uploads\/2018\/08\/beliebteste-tattoo-motive-platz-1-bis-3.png","width":2710,"height":2158},{"@type":"BreadcrumbList","@id":"https:\/\/www.cosmoty.de\/test\/haetten-sie-nicht-gedacht-das-sind-die-beliebtesten-tattoo-motive\/#breadcrumb","itemListElement":[{"@type":"ListItem","position":1,"name":"Startseite","item":"https:\/\/www.cosmoty.de\/test\/"},{"@type":"ListItem","position":2,"name":"H\u00e4tten Sie nicht gedacht: Das sind die beliebtesten Tattoo-Motive im Netz!"}]},{"@type":"WebSite","@id":"https:\/\/www.cosmoty.de\/test\/#website","url":"https:\/\/www.cosmoty.de\/test\/","name":"Cosmoty.de","description":"","potentialAction":[{"@type":"SearchAction","target":{"@type":"EntryPoint","urlTemplate":"https:\/\/www.cosmoty.de\/test\/?s={search_term_string}"},"query-input":{"@type":"PropertyValueSpecification","valueRequired":true,"valueName":"search_term_string"}}],"inLanguage":"de"}]}},"_links":{"self":[{"href":"https:\/\/www.cosmoty.de\/test\/wp-json\/wp\/v2\/pages\/40054","targetHints":{"allow":["GET"]}}],"collection":[{"href":"https:\/\/www.cosmoty.de\/test\/wp-json\/wp\/v2\/pages"}],"about":[{"href":"https:\/\/www.cosmoty.de\/test\/wp-json\/wp\/v2\/types\/page"}],"author":[{"embeddable":true,"href":"https:\/\/www.cosmoty.de\/test\/wp-json\/wp\/v2\/users\/1"}],"replies":[{"embeddable":true,"href":"https:\/\/www.cosmoty.de\/test\/wp-json\/wp\/v2\/comments?post=40054"}],"version-history":[{"count":9,"href":"https:\/\/www.cosmoty.de\/test\/wp-json\/wp\/v2\/pages\/40054\/revisions"}],"predecessor-version":[{"id":40068,"href":"https:\/\/www.cosmoty.de\/test\/wp-json\/wp\/v2\/pages\/40054\/revisions\/40068"}],"wp:attachment":[{"href":"https:\/\/www.cosmoty.de\/test\/wp-json\/wp\/v2\/media?parent=40054"}],"curies":[{"name":"wp","href":"https:\/\/api.w.org\/{rel}","templated":true}]}}